{"id":112,"date":"2026-03-02T16:34:51","date_gmt":"2026-03-02T16:34:51","guid":{"rendered":"https:\/\/salimatu.fun\/?page_id=112"},"modified":"2026-03-02T16:43:05","modified_gmt":"2026-03-02T16:43:05","slug":"instructional-design-vs-learning-experience-design","status":"publish","type":"page","link":"https:\/\/salimatu.fun\/fr\/instructional-design-vs-learning-experience-design\/","title":{"rendered":"Conception p\u00e9dagogique vs. conception de l'exp\u00e9rience d'apprentissage"},"content":{"rendered":"<p><strong>Conception p\u00e9dagogique <\/strong>est un processus qui int\u00e8gre des th\u00e9ories et des cadres d'apprentissage pour construire des outils d'apprentissage. <\/p>\n\n\n\n<p>Il suit \u00e9galement des syst\u00e8mes \u00e9tablis (comme ADDIE ou SAM), avec un processus assez typique : <\/p>\n\n\n\n<ol class=\"wp-block-list\">\n<li>D\u00e9terminer les besoins des apprenants<\/li>\n\n\n\n<li>Consultation d'experts en la mati\u00e8re<\/li>\n\n\n\n<li>Fixer des objectifs<\/li>\n\n\n\n<li>Choisir les bonnes m\u00e9thodes d'enseignement<\/li>\n\n\n\n<li>Cr\u00e9ation du contenu<\/li>\n\n\n\n<li>\u00c9valuer l'efficacit\u00e9 du contenu d'apprentissage.<\/li>\n<\/ol>\n\n\n\n<p><strong>Conception de l'exp\u00e9rience d'apprentissage<\/strong> se concentre sur l'aspect socio-affectif de l'apprentissage et pose la question, <strong>\u201cQu'est-ce que cela fait d'apprendre ?\u201d <\/strong><\/p>\n\n\n\n<p>L'objectif est d'impliquer l'apprenant et de rendre le processus intuitif et agr\u00e9able.<\/p>\n\n\n\n<p>J'utilise souvent des outils tels que la narration et la gamification pour cr\u00e9er des environnements qui attirent les apprenants et encouragent la r\u00e9tention.<\/p>\n\n\n\n<h2 class=\"wp-block-heading\">En bref, la conception p\u00e9dagogique concerne davantage la <strong><em>ce que<\/em> et <em>comment<\/em> de l'enseignement<\/strong>, alors que la conception de l'exp\u00e9rience d'apprentissage concerne <strong>les <em>sentir<\/em> et <em>flux<\/em> du parcours de l'apprenant<\/strong>. <\/h2>\n\n\n\n<p>Bien qu'il s'agisse de domaines distincts, ils jouent tous deux un r\u00f4le important dans la cr\u00e9ation d'exp\u00e9riences d'apprentissage significatives.<\/p>\n\n\n\n<div class=\"wp-block-buttons is-layout-flex wp-block-buttons-is-layout-flex\">\n<div class=\"wp-block-button\"><a class=\"wp-block-button__link wp-element-button\" href=\"http:\/\/salimatu.fun\/fr\/\">RETOUR \u00c0 PROPOS DE MOI<\/a><\/div>\n<\/div>\n\n\n\n<p><\/p>","protected":false},"excerpt":{"rendered":"<p>Instructional Design is a process that integrates learning theories and frameworks to build learning tools. It also follows established systems (like ADDIE, or SAM), with a fairly typical process: Learning Experience Design focuses on the social emotional aspect of learning, and asks the question, &#8220;What does it feel like to learn?&#8221; The goal is to [&hellip;]<\/p>\n","protected":false},"author":1,"featured_media":0,"parent":0,"menu_order":0,"comment_status":"closed","ping_status":"closed","template":"","meta":{"footnotes":""},"class_list":["post-112","page","type-page","status-publish","hentry"],"_links":{"self":[{"href":"https:\/\/salimatu.fun\/fr\/wp-json\/wp\/v2\/pages\/112","targetHints":{"allow":["GET"]}}],"collection":[{"href":"https:\/\/salimatu.fun\/fr\/wp-json\/wp\/v2\/pages"}],"about":[{"href":"https:\/\/salimatu.fun\/fr\/wp-json\/wp\/v2\/types\/page"}],"author":[{"embeddable":true,"href":"https:\/\/salimatu.fun\/fr\/wp-json\/wp\/v2\/users\/1"}],"replies":[{"embeddable":true,"href":"https:\/\/salimatu.fun\/fr\/wp-json\/wp\/v2\/comments?post=112"}],"version-history":[{"count":5,"href":"https:\/\/salimatu.fun\/fr\/wp-json\/wp\/v2\/pages\/112\/revisions"}],"predecessor-version":[{"id":119,"href":"https:\/\/salimatu.fun\/fr\/wp-json\/wp\/v2\/pages\/112\/revisions\/119"}],"wp:attachment":[{"href":"https:\/\/salimatu.fun\/fr\/wp-json\/wp\/v2\/media?parent=112"}],"curies":[{"name":"wp","href":"https:\/\/api.w.org\/{rel}","templated":true}]}}