{"id":13,"date":"2026-03-02T10:54:55","date_gmt":"2026-03-02T10:54:55","guid":{"rendered":"https:\/\/salimatu.fun\/?page_id=13"},"modified":"2026-03-02T15:45:57","modified_gmt":"2026-03-02T15:45:57","slug":"portfolio","status":"publish","type":"page","link":"https:\/\/salimatu.fun\/fr\/portfolio\/","title":{"rendered":"Mon portfolio"},"content":{"rendered":"<div class=\"wp-block-columns is-layout-flex wp-container-core-columns-is-layout-28f84493 wp-block-columns-is-layout-flex\">\n<div class=\"wp-block-column is-layout-flow wp-block-column-is-layout-flow\" style=\"flex-basis:25%\">\n<figure class=\"wp-block-image aligncenter size-full is-resized\"><img loading=\"lazy\" decoding=\"async\" width=\"256\" height=\"256\" src=\"https:\/\/salimatu.fun\/wp-content\/uploads\/2026\/03\/spinal.png\" alt=\"Pain icons created by Leremy - Flaticon\" class=\"wp-image-50\" style=\"width:139px;height:auto\" srcset=\"https:\/\/salimatu.fun\/wp-content\/uploads\/2026\/03\/spinal.png 256w, https:\/\/salimatu.fun\/wp-content\/uploads\/2026\/03\/spinal-150x150.png 150w, https:\/\/salimatu.fun\/wp-content\/uploads\/2026\/03\/spinal-12x12.png 12w\" sizes=\"auto, (max-width: 256px) 100vw, 256px\" \/><\/figure>\n<\/div>\n\n\n\n<div class=\"wp-block-column is-layout-flow wp-block-column-is-layout-flow\" style=\"flex-basis:50%\">\n<div class=\"wp-block-columns is-layout-flex wp-container-core-columns-is-layout-28f84493 wp-block-columns-is-layout-flex\">\n<div class=\"wp-block-column is-layout-flow wp-block-column-is-layout-flow\">\n<p><strong>LA GESTION DE LA DOULEUR,<\/strong> 2025<\/p>\n\n\n\n<p>Un cours de micro-apprentissage pour les m\u00e9decins et les infirmi\u00e8res des cliniques sur l'utilisation des outils de gestion de la douleur pour les patients souffrant d'addiction.<\/p>\n<\/div>\n<\/div>\n<\/div>\n\n\n\n<div class=\"wp-block-column is-vertically-aligned-center is-layout-flow wp-block-column-is-layout-flow\" style=\"flex-basis:25%\">\n<div class=\"wp-block-buttons is-content-justification-center is-layout-flex wp-container-core-buttons-is-layout-86e1f5e2 wp-block-buttons-is-layout-flex\">\n<div class=\"wp-block-button is-style-fill\"><a class=\"wp-block-button__link wp-element-button\" href=\"https:\/\/salimatu.fun\/fr\/pain-management\/\">+<\/a><\/div>\n<\/div>\n<\/div>\n<\/div>\n\n\n\n<div class=\"wp-block-columns is-layout-flex wp-container-core-columns-is-layout-28f84493 wp-block-columns-is-layout-flex\">\n<div class=\"wp-block-column is-layout-flow wp-block-column-is-layout-flow\" style=\"flex-basis:25%\">\n<figure class=\"wp-block-image aligncenter size-full is-resized\"><img loading=\"lazy\" decoding=\"async\" width=\"256\" height=\"256\" src=\"https:\/\/salimatu.fun\/wp-content\/uploads\/2026\/03\/dice.png\" alt=\"\" class=\"wp-image-56\" style=\"width:176px;height:auto\" srcset=\"https:\/\/salimatu.fun\/wp-content\/uploads\/2026\/03\/dice.png 256w, https:\/\/salimatu.fun\/wp-content\/uploads\/2026\/03\/dice-150x150.png 150w, https:\/\/salimatu.fun\/wp-content\/uploads\/2026\/03\/dice-12x12.png 12w\" sizes=\"auto, (max-width: 256px) 100vw, 256px\" \/><\/figure>\n<\/div>\n\n\n\n<div class=\"wp-block-column is-layout-flow wp-block-column-is-layout-flow\" style=\"flex-basis:50%\">\n<div class=\"wp-block-columns is-layout-flex wp-container-core-columns-is-layout-28f84493 wp-block-columns-is-layout-flex\">\n<div class=\"wp-block-column is-layout-flow wp-block-column-is-layout-flow\">\n<p><strong>OPERATION : CERTIFICATION, <\/strong>2024<\/p>\n\n\n\n<p>Un jeu mobile interactif pour le personnel d'une clinique d'addictologie afin de pr\u00e9parer la certification nationale.&nbsp; &nbsp;<\/p>\n<\/div>\n<\/div>\n<\/div>\n\n\n\n<div class=\"wp-block-column is-vertically-aligned-center is-layout-flow wp-block-column-is-layout-flow\" style=\"flex-basis:25%\">\n<div class=\"wp-block-buttons is-content-justification-center is-layout-flex wp-container-core-buttons-is-layout-86e1f5e2 wp-block-buttons-is-layout-flex\">\n<div class=\"wp-block-button is-style-fill\"><a class=\"wp-block-button__link wp-element-button\" href=\"https:\/\/salimatu.fun\/fr\/operation-certification\/\">+<\/a><\/div>\n<\/div>\n<\/div>\n<\/div>\n\n\n\n<div class=\"wp-block-columns is-layout-flex wp-container-core-columns-is-layout-28f84493 wp-block-columns-is-layout-flex\">\n<div class=\"wp-block-column is-layout-flow wp-block-column-is-layout-flow\" style=\"flex-basis:25%\">\n<figure class=\"wp-block-image aligncenter size-full is-resized\"><img loading=\"lazy\" decoding=\"async\" width=\"256\" height=\"256\" src=\"https:\/\/salimatu.fun\/wp-content\/uploads\/2026\/03\/puzzle.png\" alt=\"\" class=\"wp-image-57\" style=\"width:102px;height:auto\" srcset=\"https:\/\/salimatu.fun\/wp-content\/uploads\/2026\/03\/puzzle.png 256w, https:\/\/salimatu.fun\/wp-content\/uploads\/2026\/03\/puzzle-150x150.png 150w, https:\/\/salimatu.fun\/wp-content\/uploads\/2026\/03\/puzzle-12x12.png 12w\" sizes=\"auto, (max-width: 256px) 100vw, 256px\" \/><\/figure>\n<\/div>\n\n\n\n<div class=\"wp-block-column is-layout-flow wp-block-column-is-layout-flow\" style=\"flex-basis:50%\">\n<div class=\"wp-block-columns is-layout-flex wp-container-core-columns-is-layout-28f84493 wp-block-columns-is-layout-flex\">\n<div class=\"wp-block-column is-layout-flow wp-block-column-is-layout-flow\">\n<p><strong>PMSI ET LE CODAGE SOCIAL, <\/strong>2024<\/p>\n\n\n\n<p>Un cours pour le personnel des cliniques sur la mani\u00e8re de saisir et d'utiliser les codes importants \u00e0 saisir lors de la collecte d'informations de base sur les patients (pour la facturation, etc.).&nbsp;<\/p>\n<\/div>\n<\/div>\n<\/div>\n\n\n\n<div class=\"wp-block-column is-vertically-aligned-center is-layout-flow wp-block-column-is-layout-flow\" style=\"flex-basis:25%\">\n<div class=\"wp-block-buttons is-content-justification-center is-layout-flex wp-container-core-buttons-is-layout-86e1f5e2 wp-block-buttons-is-layout-flex\">\n<div class=\"wp-block-button is-style-fill\"><a class=\"wp-block-button__link wp-element-button\" href=\"https:\/\/salimatu.fun\/fr\/pmsi-social-coding\/\">+<\/a><\/div>\n<\/div>\n<\/div>\n<\/div>\n\n\n\n<div class=\"wp-block-columns is-layout-flex wp-container-core-columns-is-layout-28f84493 wp-block-columns-is-layout-flex\">\n<div class=\"wp-block-column is-layout-flow wp-block-column-is-layout-flow\" style=\"flex-basis:25%\">\n<figure class=\"wp-block-image size-full is-resized\"><img loading=\"lazy\" decoding=\"async\" width=\"512\" height=\"512\" src=\"https:\/\/salimatu.fun\/wp-content\/uploads\/2026\/03\/leadership-development.png\" alt=\"\" class=\"wp-image-58\" style=\"width:162px;height:auto\" srcset=\"https:\/\/salimatu.fun\/wp-content\/uploads\/2026\/03\/leadership-development.png 512w, https:\/\/salimatu.fun\/wp-content\/uploads\/2026\/03\/leadership-development-300x300.png 300w, https:\/\/salimatu.fun\/wp-content\/uploads\/2026\/03\/leadership-development-150x150.png 150w, https:\/\/salimatu.fun\/wp-content\/uploads\/2026\/03\/leadership-development-12x12.png 12w\" sizes=\"auto, (max-width: 512px) 100vw, 512px\" \/><\/figure>\n<\/div>\n\n\n\n<div class=\"wp-block-column is-layout-flow wp-block-column-is-layout-flow\" style=\"flex-basis:50%\">\n<div class=\"wp-block-columns is-layout-flex wp-container-core-columns-is-layout-28f84493 wp-block-columns-is-layout-flex\">\n<div class=\"wp-block-column is-layout-flow wp-block-column-is-layout-flow\">\n<p><strong>GMI : ORIENTATION DES MENTORS<\/strong>, 2024<\/p>\n\n\n\n<p>Un cours d'orientation pour une organisation \u00e0 but non lucratif qui offre des mentorats \u00e0 des \u00e9tudiants dans les pays en voie de d\u00e9veloppement. <\/p>\n<\/div>\n<\/div>\n<\/div>\n\n\n\n<div class=\"wp-block-column is-vertically-aligned-center is-layout-flow wp-block-column-is-layout-flow\" style=\"flex-basis:25%\">\n<div class=\"wp-block-buttons is-content-justification-center is-layout-flex wp-container-core-buttons-is-layout-86e1f5e2 wp-block-buttons-is-layout-flex\">\n<div class=\"wp-block-button is-style-fill\"><a class=\"wp-block-button__link wp-element-button\" href=\"https:\/\/salimatu.fun\/fr\/gmi-mentor-orientation\/\">+<\/a><\/div>\n<\/div>\n<\/div>\n<\/div>\n\n\n\n<div class=\"wp-block-columns is-layout-flex wp-container-core-columns-is-layout-28f84493 wp-block-columns-is-layout-flex\">\n<div class=\"wp-block-column is-layout-flow wp-block-column-is-layout-flow\" style=\"flex-basis:25%\">\n<figure class=\"wp-block-image aligncenter size-full is-resized\"><img loading=\"lazy\" decoding=\"async\" width=\"256\" height=\"256\" src=\"https:\/\/salimatu.fun\/wp-content\/uploads\/2026\/03\/message.png\" alt=\"\" class=\"wp-image-59\" style=\"width:101px;height:auto\" srcset=\"https:\/\/salimatu.fun\/wp-content\/uploads\/2026\/03\/message.png 256w, https:\/\/salimatu.fun\/wp-content\/uploads\/2026\/03\/message-150x150.png 150w, https:\/\/salimatu.fun\/wp-content\/uploads\/2026\/03\/message-12x12.png 12w\" sizes=\"auto, (max-width: 256px) 100vw, 256px\" \/><\/figure>\n<\/div>\n\n\n\n<div class=\"wp-block-column is-layout-flow wp-block-column-is-layout-flow\" style=\"flex-basis:50%\">\n<div class=\"wp-block-columns is-layout-flex wp-container-core-columns-is-layout-28f84493 wp-block-columns-is-layout-flex\">\n<div class=\"wp-block-column is-layout-flow wp-block-column-is-layout-flow\">\n<p><strong>LES MECANISMES DE LA COMMUNICATION <\/strong>2023<\/p>\n\n\n\n<p>Un cours pour le personnel de 7 cliniques sur les m\u00e9thodes et approches de communication efficaces et claires.&nbsp;&nbsp;<\/p>\n<\/div>\n<\/div>\n<\/div>\n\n\n\n<div class=\"wp-block-column is-vertically-aligned-center is-layout-flow wp-block-column-is-layout-flow\" style=\"flex-basis:25%\">\n<div class=\"wp-block-buttons is-content-justification-center is-layout-flex wp-container-core-buttons-is-layout-86e1f5e2 wp-block-buttons-is-layout-flex\">\n<div class=\"wp-block-button is-style-fill\"><a class=\"wp-block-button__link wp-element-button\" href=\"https:\/\/salimatu.fun\/fr\/workplace-communication\/\">+<\/a><\/div>\n<\/div>\n<\/div>\n<\/div>\n\n\n\n<div class=\"wp-block-columns is-layout-flex wp-container-core-columns-is-layout-28f84493 wp-block-columns-is-layout-flex\">\n<div class=\"wp-block-column is-layout-flow wp-block-column-is-layout-flow\" style=\"flex-basis:25%\">\n<figure class=\"wp-block-image aligncenter size-full is-resized\"><img loading=\"lazy\" decoding=\"async\" width=\"512\" height=\"512\" src=\"https:\/\/salimatu.fun\/wp-content\/uploads\/2026\/03\/performance-appraisal.png\" alt=\"\" class=\"wp-image-60\" style=\"width:115px;height:auto\" srcset=\"https:\/\/salimatu.fun\/wp-content\/uploads\/2026\/03\/performance-appraisal.png 512w, https:\/\/salimatu.fun\/wp-content\/uploads\/2026\/03\/performance-appraisal-300x300.png 300w, https:\/\/salimatu.fun\/wp-content\/uploads\/2026\/03\/performance-appraisal-150x150.png 150w, https:\/\/salimatu.fun\/wp-content\/uploads\/2026\/03\/performance-appraisal-12x12.png 12w\" sizes=\"auto, (max-width: 512px) 100vw, 512px\" \/><\/figure>\n<\/div>\n\n\n\n<div class=\"wp-block-column is-layout-flow wp-block-column-is-layout-flow\" style=\"flex-basis:50%\">\n<div class=\"wp-block-columns is-layout-flex wp-container-core-columns-is-layout-28f84493 wp-block-columns-is-layout-flex\">\n<div class=\"wp-block-column is-layout-flow wp-block-column-is-layout-flow\">\n<p><strong>LES ENTRETIENS PROFESSIONNELS<\/strong>, 2023<\/p>\n\n\n\n<p>Un cours vid\u00e9o interactif pour les managers d'\u00e9quipe sur les approches de la conduite des examens bisannuels obligatoires.&nbsp;<\/p>\n<\/div>\n<\/div>\n<\/div>\n\n\n\n<div class=\"wp-block-column is-vertically-aligned-center is-layout-flow wp-block-column-is-layout-flow\" style=\"flex-basis:25%\">\n<div class=\"wp-block-buttons is-content-justification-center is-layout-flex wp-container-core-buttons-is-layout-86e1f5e2 wp-block-buttons-is-layout-flex\">\n<div class=\"wp-block-button is-style-fill\"><a class=\"wp-block-button__link wp-element-button\" href=\"https:\/\/salimatu.fun\/fr\/guide-biennial-interviews\/\">+<\/a><\/div>\n<\/div>\n<\/div>\n<\/div>\n\n\n\n<p><\/p>","protected":false},"excerpt":{"rendered":"<p>PAIN MANAGEMENT, 2025 A micro-learning course for doctors and nurses across clinics on use of tools of pain management for patients with addiction. OPERATION: CERTIFICATION, 2024 An interactive mobile game for staff at an addiction clinic to prepare for national certification.&nbsp; &nbsp; PMSI &amp; SOCIAL CODING, 2024 A course for clinic staff on how to [&hellip;]<\/p>\n","protected":false},"author":1,"featured_media":0,"parent":0,"menu_order":0,"comment_status":"closed","ping_status":"closed","template":"","meta":{"footnotes":""},"class_list":["post-13","page","type-page","status-publish","hentry"],"_links":{"self":[{"href":"https:\/\/salimatu.fun\/fr\/wp-json\/wp\/v2\/pages\/13","targetHints":{"allow":["GET"]}}],"collection":[{"href":"https:\/\/salimatu.fun\/fr\/wp-json\/wp\/v2\/pages"}],"about":[{"href":"https:\/\/salimatu.fun\/fr\/wp-json\/wp\/v2\/types\/page"}],"author":[{"embeddable":true,"href":"https:\/\/salimatu.fun\/fr\/wp-json\/wp\/v2\/users\/1"}],"replies":[{"embeddable":true,"href":"https:\/\/salimatu.fun\/fr\/wp-json\/wp\/v2\/comments?post=13"}],"version-history":[{"count":15,"href":"https:\/\/salimatu.fun\/fr\/wp-json\/wp\/v2\/pages\/13\/revisions"}],"predecessor-version":[{"id":108,"href":"https:\/\/salimatu.fun\/fr\/wp-json\/wp\/v2\/pages\/13\/revisions\/108"}],"wp:attachment":[{"href":"https:\/\/salimatu.fun\/fr\/wp-json\/wp\/v2\/media?parent=13"}],"curies":[{"name":"wp","href":"https:\/\/api.w.org\/{rel}","templated":true}]}}