{"id":2,"date":"2026-03-02T10:34:30","date_gmt":"2026-03-02T10:34:30","guid":{"rendered":"https:\/\/salimatu.fun\/?page_id=2"},"modified":"2026-03-05T07:24:05","modified_gmt":"2026-03-05T07:24:05","slug":"sample-page","status":"publish","type":"page","link":"https:\/\/salimatu.fun\/fr\/","title":{"rendered":"\u00c0 propos de moi"},"content":{"rendered":"<p><\/p>\n\n\n\n<h2 class=\"wp-block-heading\"><strong>QUI JE SUIS<\/strong><\/h2>\n\n\n\n<p>Je suis <strong>ing\u00e9nieure p\u00e9dagogique et learning experience designer<\/strong> <strong>Designer<\/strong> with 8 years of experience across various themes and environments.<\/p>\n\n\n\n<div class=\"wp-block-buttons is-layout-flex wp-block-buttons-is-layout-flex\">\n<div class=\"wp-block-button\"><a class=\"wp-block-button__link wp-element-button\" href=\"https:\/\/salimatu.fun\/fr\/instructional-design-vs-learning-experience-design\/\">Quelle est la diff\u00e9rence entre la conception p\u00e9dagogique et la conception de l'exp\u00e9rience d'apprentissage ? <\/a><\/div>\n<\/div>\n\n\n\n<h2 class=\"wp-block-heading\"><strong>CE QUE JE FAIS<\/strong><\/h2>\n\n\n\n<p>Je produis <strong>des exp\u00e9riences attrayantes, centr\u00e9es sur l'apprenant<\/strong>&nbsp;qui transforment un contenu complexe en <strong>claire, efficace<\/strong> la formation. Ces formations peuvent prendre la forme de jeux s\u00e9rieux, de modules de micro-apprentissage ou d'outils simples pour l'apprentissage en personne. <\/p>\n\n\n\n<h2 class=\"wp-block-heading\"><strong>MES SP\u00c9CIALIT\u00c9S<\/strong><\/h2>\n\n\n\n<p>Je suis sp\u00e9cialis\u00e9 dans <strong>conception de l'apprentissage centr\u00e9 sur le processus<\/strong> (accueil, int\u00e9gration, formation continue, etc.).  <\/p>\n\n\n\n<p>J'ai \u00e9galement de l'exp\u00e9rience dans la conception d'apprentissage pour <strong>l'adoption et le perfectionnement des comp\u00e9tences<\/strong>, notamment les arts du langage et la broderie.<\/p>\n\n\n\n<div class=\"wp-block-buttons is-layout-flex wp-block-buttons-is-layout-flex\">\n<div class=\"wp-block-button\"><a class=\"wp-block-button__link wp-element-button\" href=\"https:\/\/salimatu.fun\/fr\/portfolio\/\">VOIR MON PORTFOLIO<\/a><\/div>\n<\/div>\n\n\n\n<h2 class=\"wp-block-heading\"><strong>MON PROCESSUS<\/strong><\/h2>\n\n\n\n<p>I use a <strong>backwards design framework<\/strong>. Je commence g\u00e9n\u00e9ralement par quatre questions :<\/p>\n\n\n\n<p>For instructional design, my questions are: <\/p>\n\n\n\n<ol class=\"wp-block-list\">\n<li>What will the person learn ?<\/li>\n\n\n\n<li>Comment sauront-ils qu'ils ont appris ? <\/li>\n\n\n\n<li>De quels outils ont-ils besoin pour y parvenir ? <\/li>\n\n\n\n<li>O\u00f9 sont-ils aujourd'hui ? <\/li>\n<\/ol>\n\n\n\n<p>For learning experience design, the questions change: <\/p>\n\n\n\n<ol class=\"wp-block-list\">\n<li>How will the learner feel at the end of the process? <\/li>\n\n\n\n<li>How will the learner access the learning tools provided? <\/li>\n\n\n\n<li>How accessible is the learning interface? How seamless is the learning process? <\/li>\n\n\n\n<li>What is the learners profile? What do they want to do? <\/li>\n<\/ol>\n\n\n\n<p><strong>Cependant, je ne suis pas un concepteur d'apprentissage \u00e0 taille unique<\/strong>. I have also employed iterative design models (ADDIE, SAM) along with more objective and evaluation based frameworks (Bloom&#8217;s Taxonomy, the Kirkpatrick Model).<\/p>\n\n\n\n<p>It is important to me to factor in the tenets of learning experience design, notably evaluation of the learning environment and tools available in order to developing <strong>des recettes simples, efficaces et accessibles <\/strong>pour l'apprenant.<\/p>\n\n\n\n<h2 class=\"wp-block-heading\">Put simply: I deliver <strong>des outils d'apprentissage qui fonctionnent<\/strong> (et cela ne signifie pas toujours l'apprentissage en ligne).<\/h2>\n\n\n\n<p><\/p>","protected":false},"excerpt":{"rendered":"<p>WHO I AM I am an Instructional &amp; Learning Experience Designer with 8 years of experience across various themes and environments. WHAT I MAKE I produce engaging, learner-centered experiences&nbsp;that transform complex content into clear, effective training. These trainings may take the form through serious games, micro-learning modules, or simple tools for in-person learning. MY SPECIALTIES [&hellip;]<\/p>\n","protected":false},"author":1,"featured_media":0,"parent":0,"menu_order":0,"comment_status":"closed","ping_status":"open","template":"","meta":{"footnotes":""},"class_list":["post-2","page","type-page","status-publish","hentry"],"_links":{"self":[{"href":"https:\/\/salimatu.fun\/fr\/wp-json\/wp\/v2\/pages\/2","targetHints":{"allow":["GET"]}}],"collection":[{"href":"https:\/\/salimatu.fun\/fr\/wp-json\/wp\/v2\/pages"}],"about":[{"href":"https:\/\/salimatu.fun\/fr\/wp-json\/wp\/v2\/types\/page"}],"author":[{"embeddable":true,"href":"https:\/\/salimatu.fun\/fr\/wp-json\/wp\/v2\/users\/1"}],"replies":[{"embeddable":true,"href":"https:\/\/salimatu.fun\/fr\/wp-json\/wp\/v2\/comments?post=2"}],"version-history":[{"count":14,"href":"https:\/\/salimatu.fun\/fr\/wp-json\/wp\/v2\/pages\/2\/revisions"}],"predecessor-version":[{"id":133,"href":"https:\/\/salimatu.fun\/fr\/wp-json\/wp\/v2\/pages\/2\/revisions\/133"}],"wp:attachment":[{"href":"https:\/\/salimatu.fun\/fr\/wp-json\/wp\/v2\/media?parent=2"}],"curies":[{"name":"wp","href":"https:\/\/api.w.org\/{rel}","templated":true}]}}