{"id":84,"date":"2026-03-02T15:18:30","date_gmt":"2026-03-02T15:18:30","guid":{"rendered":"https:\/\/salimatu.fun\/?page_id=84"},"modified":"2026-03-02T15:42:18","modified_gmt":"2026-03-02T15:42:18","slug":"operation-certification","status":"publish","type":"page","link":"https:\/\/salimatu.fun\/fr\/operation-certification\/","title":{"rendered":"CERTIFICATION DES OP\u00c9RATIONS"},"content":{"rendered":"<div class=\"wp-block-media-text is-stacked-on-mobile\" style=\"grid-template-columns:17% auto\"><figure class=\"wp-block-media-text__media\"><img loading=\"lazy\" decoding=\"async\" width=\"256\" height=\"256\" src=\"https:\/\/salimatu.fun\/wp-content\/uploads\/2026\/03\/dice.png\" alt=\"\" class=\"wp-image-56 size-full\" srcset=\"https:\/\/salimatu.fun\/wp-content\/uploads\/2026\/03\/dice.png 256w, https:\/\/salimatu.fun\/wp-content\/uploads\/2026\/03\/dice-150x150.png 150w, https:\/\/salimatu.fun\/wp-content\/uploads\/2026\/03\/dice-12x12.png 12w\" sizes=\"auto, (max-width: 256px) 100vw, 256px\" \/><\/figure><div class=\"wp-block-media-text__content\">\n<p>Un jeu mobile interactif pour le personnel d'une clinique d'addictologie afin de pr\u00e9parer la certification nationale.&nbsp; &nbsp;<\/p>\n<\/div><\/div>\n\n\n\n<p><strong>La demande<\/strong>: Every four years, clinics go through a certification process from the French National Health Authority. Certain criteria are tested to make sure patients receive the best care. This game was created to facilitate easy preparation for staff at addiction clinics across France.\u00a0\u00a0<\/p>\n\n\n\n<p><strong>Le public<\/strong>: Tout le personnel de la clinique d'addictologie<\/p>\n\n\n\n<p><strong>La transformation<\/strong>: Utilisation du manuel des crit\u00e8res, de webinaires et d'entretiens avec des experts pour obtenir des informations de base pour le jeu.&nbsp;<\/p>\n\n\n\n<p><strong>L'outil :&nbsp;<\/strong>G\u00e9nialement<\/p>\n\n\n\n<p><strong>Les r\u00e9sultats :<\/strong>&nbsp;Les apprenants ont pu facilement comprendre et r\u00e9pondre au comit\u00e9 de certification sur des questions qui d\u00e9passaient leur r\u00f4le. Contribution \u00e0 l'obtention par deux cliniques du plus haut niveau de certification (valable 4 ans).&nbsp;<\/p>\n\n\n\n<p><strong>Language:<\/strong> French<\/p>\n\n\n\n<div class=\"wp-block-buttons is-layout-flex wp-block-buttons-is-layout-flex\">\n<div class=\"wp-block-button\"><a class=\"wp-block-button__link wp-element-button\" href=\"https:\/\/portfolio.salimatu.fun\/certification.html\">JOUER AU JEU<\/a><\/div>\n<\/div>\n\n\n\n<p><\/p>","protected":false},"excerpt":{"rendered":"<p>An interactive mobile game for staff at an addiction clinic to prepare for national certification.&nbsp; &nbsp; The Ask: Every four years, clinics go through a certification process from the French National Health Authority. Certain criteria are tested to make sure patients receive the best care. This game was created to facilitate easy preparation for staff [&hellip;]<\/p>\n","protected":false},"author":1,"featured_media":0,"parent":0,"menu_order":0,"comment_status":"closed","ping_status":"closed","template":"","meta":{"footnotes":""},"class_list":["post-84","page","type-page","status-publish","hentry"],"_links":{"self":[{"href":"https:\/\/salimatu.fun\/fr\/wp-json\/wp\/v2\/pages\/84","targetHints":{"allow":["GET"]}}],"collection":[{"href":"https:\/\/salimatu.fun\/fr\/wp-json\/wp\/v2\/pages"}],"about":[{"href":"https:\/\/salimatu.fun\/fr\/wp-json\/wp\/v2\/types\/page"}],"author":[{"embeddable":true,"href":"https:\/\/salimatu.fun\/fr\/wp-json\/wp\/v2\/users\/1"}],"replies":[{"embeddable":true,"href":"https:\/\/salimatu.fun\/fr\/wp-json\/wp\/v2\/comments?post=84"}],"version-history":[{"count":3,"href":"https:\/\/salimatu.fun\/fr\/wp-json\/wp\/v2\/pages\/84\/revisions"}],"predecessor-version":[{"id":101,"href":"https:\/\/salimatu.fun\/fr\/wp-json\/wp\/v2\/pages\/84\/revisions\/101"}],"wp:attachment":[{"href":"https:\/\/salimatu.fun\/fr\/wp-json\/wp\/v2\/media?parent=84"}],"curies":[{"name":"wp","href":"https:\/\/api.w.org\/{rel}","templated":true}]}}