{"id":90,"date":"2026-03-02T15:34:24","date_gmt":"2026-03-02T15:34:24","guid":{"rendered":"https:\/\/salimatu.fun\/?page_id=90"},"modified":"2026-03-02T15:43:47","modified_gmt":"2026-03-02T15:43:47","slug":"gmi-mentor-orientation","status":"publish","type":"page","link":"https:\/\/salimatu.fun\/fr\/gmi-mentor-orientation\/","title":{"rendered":"GMI: MENTOR ORIENTATION"},"content":{"rendered":"<div class=\"wp-block-media-text is-stacked-on-mobile\" style=\"grid-template-columns:19% auto\"><figure class=\"wp-block-media-text__media\"><img loading=\"lazy\" decoding=\"async\" width=\"512\" height=\"512\" src=\"https:\/\/salimatu.fun\/wp-content\/uploads\/2026\/03\/leadership-development.png\" alt=\"\" class=\"wp-image-58 size-full\" srcset=\"https:\/\/salimatu.fun\/wp-content\/uploads\/2026\/03\/leadership-development.png 512w, https:\/\/salimatu.fun\/wp-content\/uploads\/2026\/03\/leadership-development-300x300.png 300w, https:\/\/salimatu.fun\/wp-content\/uploads\/2026\/03\/leadership-development-150x150.png 150w, https:\/\/salimatu.fun\/wp-content\/uploads\/2026\/03\/leadership-development-12x12.png 12w\" sizes=\"auto, (max-width: 512px) 100vw, 512px\" \/><\/figure><div class=\"wp-block-media-text__content\">\n<p>Un cours d'orientation pour une organisation \u00e0 but non lucratif qui offre des mentorats \u00e0 des \u00e9tudiants dans les pays en voie de d\u00e9veloppement.<\/p>\n<\/div><\/div>\n\n\n\n<p><strong>La demande<\/strong>:&nbsp; Transform a long, outdated, orientation video into an interactive e-learning exercise to help mentors easily retain information on the mentorship process, problems that they may have, and get to know support staff.&nbsp;<\/p>\n\n\n\n<p><strong>Le public<\/strong>: Volunteer mentors with Global Mentorship Initiative&nbsp;<\/p>\n\n\n\n<p><strong>The Transformation:<\/strong>&nbsp;Drawing from the orientation video, introductory documents, and interviews with former staff, to create a comprehensive course using case studies, FAQs, and more.&nbsp;<\/p>\n\n\n\n<p><strong>The Tool<\/strong>: Genially&nbsp;&nbsp;<\/p>\n\n\n\n<p><strong>Les r\u00e9sultats :<\/strong>&nbsp;Qualitative reviews (informal) indicate a preference for the current orientation process, and regular updates have been made to match changes to processes. Mentors reported less confusion and ease of use.&nbsp;<\/p>\n\n\n\n<p><strong>Language:<\/strong> English<\/p>\n\n\n\n<div class=\"wp-block-buttons is-layout-flex wp-block-buttons-is-layout-flex\">\n<div class=\"wp-block-button\"><a class=\"wp-block-button__link wp-element-button\" href=\"https:\/\/portfolio.salimatu.fun\/gmimentor.html\">VISIT THE COURSE<\/a><\/div>\n<\/div>\n\n\n\n<p><\/p>","protected":false},"excerpt":{"rendered":"<p>An orientation course for a nonprofit organization that provides mentorships to students in developing countries. The Ask:&nbsp; Transform a long, outdated, orientation video into an interactive e-learning exercise to help mentors easily retain information on the mentorship process, problems that they may have, and get to know support staff.&nbsp; The Audience: Volunteer mentors with Global [&hellip;]<\/p>\n","protected":false},"author":1,"featured_media":0,"parent":0,"menu_order":0,"comment_status":"closed","ping_status":"closed","template":"","meta":{"footnotes":""},"class_list":["post-90","page","type-page","status-publish","hentry"],"_links":{"self":[{"href":"https:\/\/salimatu.fun\/fr\/wp-json\/wp\/v2\/pages\/90","targetHints":{"allow":["GET"]}}],"collection":[{"href":"https:\/\/salimatu.fun\/fr\/wp-json\/wp\/v2\/pages"}],"about":[{"href":"https:\/\/salimatu.fun\/fr\/wp-json\/wp\/v2\/types\/page"}],"author":[{"embeddable":true,"href":"https:\/\/salimatu.fun\/fr\/wp-json\/wp\/v2\/users\/1"}],"replies":[{"embeddable":true,"href":"https:\/\/salimatu.fun\/fr\/wp-json\/wp\/v2\/comments?post=90"}],"version-history":[{"count":2,"href":"https:\/\/salimatu.fun\/fr\/wp-json\/wp\/v2\/pages\/90\/revisions"}],"predecessor-version":[{"id":104,"href":"https:\/\/salimatu.fun\/fr\/wp-json\/wp\/v2\/pages\/90\/revisions\/104"}],"wp:attachment":[{"href":"https:\/\/salimatu.fun\/fr\/wp-json\/wp\/v2\/media?parent=90"}],"curies":[{"name":"wp","href":"https:\/\/api.w.org\/{rel}","templated":true}]}}